{"id":6778,"date":"2018-04-09T09:03:24","date_gmt":"2018-04-09T07:03:24","guid":{"rendered":"http:\/\/www.flyinghusky.eu\/?page_id=6778"},"modified":"2024-09-16T07:38:39","modified_gmt":"2024-09-16T07:38:39","slug":"sportovci-psy","status":"publish","type":"page","link":"http:\/\/www.riversidelappland.eu\/sk\/flyinghusky\/sportovci-psy\/","title":{"rendered":"\u0160portovci &#8211; psy"},"content":{"rendered":"<div class=\"vce-row-container\"><div class=\"vce-row vce-element--has-background vce-row--col-gap-30 vce-row-columns--top vce-row-content--top\" data-vce-full-width=\"true\" id=\"el-fbff2c13\" data-vce-do-apply=\"all el-fbff2c13\"><div class=\"vce-content-background-container\"><div class=\"vce-asset-parallax-container vce-visible-all-only\" data-vce-assets-parallax=\".vce-asset-parallax\" data-vce-assets-parallax-reverse=\"false\"><div class=\"vce-asset-parallax\" style=\"top: -30vh; bottom: -30vh; transform: translateY(-6.698315467075041vh);\"><div class=\"vce-asset-background-simple-container vce-visible-all-only vce-asset-background-simple--style-cover vce-asset-background-simple--position-center-top\"><div class=\"vce-asset-background-simple\"><div class=\"vce-asset-background-simple-item\" style=\"background-image: url('https:\/\/www.flyinghusky.eu\/wp-content\/uploads\/2018\/10\/bcg_green.png');\"><\/div><\/div><\/div><\/div><\/div><\/div><div class=\"vce-row-content\" data-vce-element-content=\"true\"><div class=\"vce-col vce-col--md-auto vce-col--xs-1 vce-col--xs-last vce-col--xs-first vce-col--sm-last vce-col--sm-first vce-col--md-last vce-col--lg-last vce-col--xl-last vce-col--md-first vce-col--lg-first vce-col--xl-first\" id=\"el-14cf24f8\"><div class=\"vce-col-inner\" data-vce-do-apply=\"border margin background  el-14cf24f8\"><div class=\"vce-col-content\" data-vce-element-content=\"true\" data-vce-do-apply=\"padding el-14cf24f8\"><section class=\"vce-feature-section-container vce-feature-section-media--xs\"><div class=\"vce vce-feature-section vce-feature-section--min-height\" id=\"el-df70173e\" data-vce-do-apply=\"margin background border  el-df70173e\"><div class=\"vce-feature-section-image vce-feature-section-image--alignment-left vce-feature-section-image--background-position-center-center\" style=\"background-image: url('https:\/\/www.flyinghusky.eu\/wp-content\/uploads\/2020\/02\/1E47E309-62F0-43C4-B250-FE1824AFAEDA.jpeg');\"><\/div><div class=\"vce-feature-section-content vce-feature-section-background-color--b-38-51-130\"><div class=\"vce-feature-section-content-container\" data-vce-do-apply=\"padding el-df70173e\"><div class=\"vce-feature-section-description\"><h1><span style=\"color: #ffffff;\">Keiko<\/span><\/h1><h3><span style=\"color: #00ccff;\">Forjana Slovakia V-KEIKO PAW IN SNOW<\/span><\/h3><p><strong>\u010c\u00edslo SPKP:<\/strong> 3556<\/p><p><strong>Plemeno:<\/strong> Sib\u00edrsky husky<\/p><p><strong>Pohlavie:<\/strong> fena<\/p><p><b>D\u00e1tum narodenia: <\/b>29.05.2016<\/p><p><strong>Otec:<\/strong> Forjana Slovakia CHRISTIAN GREY<\/p><p><strong>Mama:<\/strong> Forjana Slovakia F\u00c9LICITE DU JEU<\/p><p><strong>Discipl\u00edny:<\/strong> Scooter 1 a 2 psy (SC1-RNB, SC2-RNB), sane 2 psy (D-RNB), sane 4 psy (C-RNB)<\/p><p><strong>Musher:<\/strong> Peter Chanas<\/p><\/div><\/div><\/div><\/div><\/section><section class=\"vce-feature-section-container vce-feature-section-media--xs\"><div class=\"vce vce-feature-section vce-feature-section--min-height\" id=\"el-e6f6a0db\" data-vce-do-apply=\"margin background border  el-e6f6a0db\"><div class=\"vce-feature-section-image vce-feature-section-image--alignment-right vce-feature-section-image--background-position-center-center\" style=\"background-image: url('https:\/\/www.flyinghusky.eu\/wp-content\/uploads\/2020\/02\/0143FAD5-CDFE-4C4A-8366-E7440D3B432E.jpeg');\"><\/div><div class=\"vce-feature-section-content vce-feature-section-background-color--b-38-51-130\"><div class=\"vce-feature-section-content-container\" data-vce-do-apply=\"padding el-e6f6a0db\"><div class=\"vce-feature-section-description\"><h1><span style=\"color: #ffffff;\">Asami<\/span><\/h1><h3><span style=\"color: #00ccff;\">FOREVER ASAMI Eskimoski Domek<\/span><\/h3><p><strong>\u010c\u00edslo SPKP:<\/strong> 3630<\/p><p><strong>Plemeno:<\/strong> Sib\u00edrsky husky<\/p><p><strong>Pohlavie:<\/strong> fena<\/p><p><b>D\u00e1tum narodenia: <\/b>31.01.2017<\/p><p><strong>Otec:<\/strong> FOREVER Eskimoski Domek<\/p><p><strong>Mama:<\/strong> NUBIRA Eskimoski Domek<\/p><p><strong>Discipl\u00edny:<\/strong> Scooter 1 a 2 psy (SC1-RNB, SC2-RNB), sane 2 psy (D-RNB), sane 4 psy (C-RNB)<\/p><p><strong>Musher:<\/strong> Peter Chanas<\/p><\/div><\/div><\/div><\/div><\/section><section class=\"vce-feature-section-container vce-feature-section-media--xs\"><div class=\"vce vce-feature-section vce-feature-section--min-height\" id=\"el-d49447a5\" data-vce-do-apply=\"margin background border  el-d49447a5\"><div class=\"vce-feature-section-image vce-feature-section-image--alignment-left vce-feature-section-image--background-position-center-center\" style=\"background-image: url('https:\/\/www.flyinghusky.eu\/wp-content\/uploads\/2020\/02\/8E74138A-1C16-4A5D-9922-D812EEAB453A.jpeg');\"><\/div><div class=\"vce-feature-section-content vce-feature-section-background-color--b-38-51-130\"><div class=\"vce-feature-section-content-container\" data-vce-do-apply=\"padding el-d49447a5\"><div class=\"vce-feature-section-description\"><h1><span style=\"color: #ffffff;\">Miyuki<\/span><\/h1><h2><span style=\"color: #00ccff;\">HANDSOME MIYUKI Eskimoski Domek<\/span><\/h2><p><strong>\u010c\u00edslo SPKP:<\/strong> 3829<\/p><p><strong>Plemeno:<\/strong> Sib\u00edrsky husky<\/p><p><strong>Pohlavie:<\/strong> fena<\/p><p><b>D\u00e1tum narodenia: <\/b>08.01.2019<\/p><p><strong>Otec:<\/strong> HANDSOME Valentino of Settlers Bay<\/p><p><strong>Mama:<\/strong> KASTIA Eskimoski Domek<\/p><p><strong>Discipl\u00edny:<\/strong> Scooter 1 a 2 psy (SC1-RNB, SC2-RNB), sane 2 psy (D-RNB), sane 4 psy (C-RNB)<\/p><p><strong>Musher:<\/strong> Peter Chanas<\/p><\/div><\/div><\/div><\/div><\/section><section class=\"vce-feature-section-container vce-feature-section-media--xs\"><div class=\"vce vce-feature-section vce-feature-section--min-height\" id=\"el-2b3984c3\" data-vce-do-apply=\"margin background border  el-2b3984c3\"><div class=\"vce-feature-section-image vce-feature-section-image--alignment-right vce-feature-section-image--background-position-center-center\" style=\"background-image: url('https:\/\/www.flyinghusky.eu\/wp-content\/uploads\/2020\/02\/656D615E-03C5-46CF-8C91-799318B2D422.jpeg');\"><\/div><div class=\"vce-feature-section-content vce-feature-section-background-color--b-38-51-130\"><div class=\"vce-feature-section-content-container\" data-vce-do-apply=\"padding el-2b3984c3\"><div class=\"vce-feature-section-description\"><h1><span style=\"color: #ffffff;\">Himiko<\/span><\/h1><h2><span style=\"color: #00ccff;\">ENTER RIHANNA HURICANE Eskimoski Domek<\/span><\/h2><p><strong>\u010c\u00edslo SPKP:<\/strong> 3885<\/p><p><strong>Plemeno:<\/strong> Sib\u00edrsky husky<\/p><p><strong>Pohlavie:<\/strong> fena<\/p><p><b>D\u00e1tum narodenia: <\/b>24.05.2019<\/p><p><strong>Otec:<\/strong> BOSNIAKS Enter At Your Own Risk<\/p><p><strong>Mama:<\/strong> HURRICANE - Force Wind Legenda Karpat<\/p><p><strong>Discipl\u00edny:<\/strong> Scooter 1 a 2 psy (SC1-RNB, SC2-RNB), sane 2 psy (D-RNB), sane 4 psy (C-RNB)<\/p><p><strong>Musher:<\/strong> Peter Chanas<\/p><\/div><\/div><\/div><\/div><\/section><\/div><\/div><\/div><\/div><\/div><\/div>","protected":false},"excerpt":{"rendered":"<p>KeikoForjana Slovakia V-KEIKO PAW IN SNOW\u010c\u00edslo SPKP: 3556Plemeno: Sib\u00edrsky huskyPohlavie: fenaD\u00e1tum narodenia: 29.05.2016Otec: Forjana Slovakia CHRISTIAN GREYMama: Forjana Slovakia F\u00c9LICITE DU JEUDiscipl\u00edny: Scooter 1 a 2 psy (SC1-RNB, SC2-RNB), sane 2 psy (D-RNB), sane 4 psy (C-RNB)Musher: Peter ChanasAsamiFOREVER ASAMI Eskimoski Domek\u010c\u00edslo SPKP: 3630Plemeno: Sib\u00edrsky huskyPohlavie: fenaD\u00e1tum narodenia: 31.01.2017Otec: FOREVER Eskimoski DomekMama: NUBIRA Eskimoski DomekDiscipl\u00edny: [&hellip;]<\/p>\n","protected":false},"author":2,"featured_media":0,"parent":0,"menu_order":0,"comment_status":"closed","ping_status":"closed","template":"","meta":{"footnotes":""},"categories":[24],"tags":[],"class_list":["post-6778","page","type-page","status-publish","hentry","category-flyinghusky"],"aioseo_notices":[],"_links":{"self":[{"href":"https:\/\/www.riversidelappland.eu\/sk\/wp-json\/wp\/v2\/pages\/6778","targetHints":{"allow":["GET"]}}],"collection":[{"href":"https:\/\/www.riversidelappland.eu\/sk\/wp-json\/wp\/v2\/pages"}],"about":[{"href":"https:\/\/www.riversidelappland.eu\/sk\/wp-json\/wp\/v2\/types\/page"}],"author":[{"embeddable":true,"href":"https:\/\/www.riversidelappland.eu\/sk\/wp-json\/wp\/v2\/users\/2"}],"replies":[{"embeddable":true,"href":"https:\/\/www.riversidelappland.eu\/sk\/wp-json\/wp\/v2\/comments?post=6778"}],"version-history":[{"count":1,"href":"https:\/\/www.riversidelappland.eu\/sk\/wp-json\/wp\/v2\/pages\/6778\/revisions"}],"predecessor-version":[{"id":9214,"href":"https:\/\/www.riversidelappland.eu\/sk\/wp-json\/wp\/v2\/pages\/6778\/revisions\/9214"}],"wp:attachment":[{"href":"https:\/\/www.riversidelappland.eu\/sk\/wp-json\/wp\/v2\/media?parent=6778"}],"wp:term":[{"taxonomy":"category","embeddable":true,"href":"https:\/\/www.riversidelappland.eu\/sk\/wp-json\/wp\/v2\/categories?post=6778"},{"taxonomy":"post_tag","embeddable":true,"href":"https:\/\/www.riversidelappland.eu\/sk\/wp-json\/wp\/v2\/tags?post=6778"}],"curies":[{"name":"wp","href":"https:\/\/api.w.org\/{rel}","templated":true}]}}