{"id":6822,"date":"2018-05-24T10:30:30","date_gmt":"2018-05-24T08:30:30","guid":{"rendered":"http:\/\/www.flyinghusky.eu\/?page_id=6822"},"modified":"2018-05-24T10:30:30","modified_gmt":"2018-05-24T08:30:30","slug":"ochrana-osobnych-udajov","status":"publish","type":"page","link":"http:\/\/www.riversidelappland.eu\/sk\/ochrana-osobnych-udajov\/","title":{"rendered":"Ochrana osobn\u00fdch \u00fadajov"},"content":{"rendered":"<div class=\"vce-row-container\"><div class=\"vce-row vce-row--col-gap-30 vce-row-columns--top vce-row-content--top\" id=\"el-e610117d\" data-vce-do-apply=\"all el-e610117d\"><div class=\"vce-content-background-container\"><\/div><div class=\"vce-row-content\" data-vce-element-content=\"true\"><div class=\"vce-col vce-col--md-auto vce-col--xs-1 vce-col--xs-last vce-col--xs-first vce-col--sm-last vce-col--sm-first vce-col--md-last vce-col--lg-last vce-col--xl-last vce-col--md-first vce-col--lg-first vce-col--xl-first\" id=\"el-622b4959\"><div class=\"vce-col-inner\" data-vce-do-apply=\"border margin background  el-622b4959\"><div class=\"vce-col-content\" data-vce-element-content=\"true\" data-vce-do-apply=\"padding el-622b4959\"><div class=\"vce vce-separator-with-icon-container vce-separator-with-icon--align-center\" id=\"el-d8f3bf86\" data-vce-do-apply=\"margin el-d8f3bf86\"><div class=\"vce-separator-with-icon vce-separator-with-icon--color-bfc0c1 vce-separator-with-icon--width-60\" data-vce-do-apply=\"border padding background  el-d8f3bf86\"><div class=\"vce-separator-with-icon--line vce-separator-with-icon--line--style-solid vce-separator-with-icon-line--thickness-1 vce-separator-with-icon--line-left\"><\/div><div class=\"vce-separator-with-icon--icon vce-icon vce-separator-with-icon--icon--style-shape-none vce-separator-with-icon--icon--style-size-large vce-separator-with-icon--icon--style-color-b-184-46-36 vce-separator-with-icon--icon--style-shape-color-3cb878\"><svg xmlns=\"https:\/\/www.w3.org\/2000\/svg\" viewbox=\"0 0 769 769\"><path stroke-width=\"40\" d=\"M565.755 696.27h-360l-180-311.77 180-311.77h360l180 311.77z\"><\/path><\/svg><span class=\"vce-icon-container vcv-ui-icon-lineicons vcv-ui-icon-lineicons-lock\"><\/span><\/div><div class=\"vce-separator-with-icon--line vce-separator-with-icon--line--style-solid vce-separator-with-icon-line--thickness-1 vce-separator-with-icon--line-right\"><\/div><\/div><\/div><div class=\"vce-google-fonts-heading vce-google-fonts-heading--align-center vce-google-fonts-heading--color-empty--45--5C00FF--FF7200 vce-google-fonts-heading--font-family-Lato\"><div class=\"vce-google-fonts-heading-wrapper\"><div class=\"vce-google-fonts-heading--background vce\" id=\"el-148d3bb1\" data-vce-do-apply=\"border background  padding margin el-148d3bb1\"><h2 class=\"vce-google-fonts-heading-inner\" style=\"font-weight: 900;\">OCHRANA OSOBN\u00ddCH \u00daDAJOV<\/h2><\/div><\/div><\/div><\/div><\/div><\/div><\/div><\/div><\/div><div class=\"vce-row-container\"><div class=\"vce-row vce-row--col-gap-30 vce-row-equal-height vce-row-columns--top vce-row-content--top\" id=\"el-0c1c5ff4\" data-vce-do-apply=\"all el-0c1c5ff4\"><div class=\"vce-content-background-container\"><\/div><div class=\"vce-row-content\" data-vce-element-content=\"true\"><div class=\"vce-col vce-col--md-auto vce-col--xs-1 vce-col--xs-last vce-col--xs-first vce-col--sm-last vce-col--sm-first vce-col--md-first vce-col--lg-first vce-col--xl-first\" id=\"el-d757d1f7\"><div class=\"vce-col-inner\" data-vce-do-apply=\"border margin background  el-d757d1f7\"><div class=\"vce-col-content\" data-vce-element-content=\"true\" data-vce-do-apply=\"padding el-d757d1f7\"><div class=\"vce-text-block\"><div class=\"vce-text-block-wrapper vce\" id=\"el-0cb6c8fe\" data-vce-do-apply=\"all el-0cb6c8fe\"><div class=\"vc_row wpb_row vc_inner vc_row-fluid mpc-row\"><div class=\"wpb_column vc_column_container vc_col-sm-12 mpc-column\" data-column-id=\"mpc_column-235f6a6426a2933\"><div class=\"vc_column-inner\"><div class=\"wpb_wrapper\"><div id=\"mpc_animated_text-35f6a6426a2803\" class=\"mpc-animated-text-wrap mpc-typography--mpc_preset_17 mpc-init mpc-transition mpc-style--rotator\" data-options=\"{&quot;style&quot;:&quot;rotator&quot;,&quot;duration&quot;:&quot;300&quot;,&quot;delay&quot;:&quot;1000&quot;,&quot;loop&quot;:false,&quot;dynamic&quot;:false}\"><div class=\"mpc-animated-text\"><div class=\"mpc-animated-text__block\" style=\"text-align: center;\">V S\u00daVISLOSTI SO Z\u00c1KONOM O OCHRANE OSOBN\u00ddCH \u00daDAJOV (Z\u00c1KON \u010c. 18\/2018 Z.Z. O OCHRANE OSOBN\u00ddCH \u00daDAJOV A O ZMENE A DOPLNEN\u00cd NIEKTOR\u00ddCH Z\u00c1KONOV) A S NARIADEN\u00cdM EP A RADY EU \u010c. 2016\/679 (O OCHRANE FYZICK\u00ddCH OS\u00d4B PRI SPRAC\u00daVAN\u00cd OSOBN\u00ddCH \u00daDAJOV A O VO\u013dNOM POHYBE TAK\u00ddCHTO \u00daDAJOV), KTOR\u00c9 NADOBUDN\u00da \u00da\u010cINNOS\u0164 25.M\u00c1JA 2018, V\u00c1S CHCEME INFORMOVA\u0164 O PODROBNOSTIACH SPRACOVANIA VA\u0160ICH OSOBN\u00ddCH \u00daDAJOV, KTOR\u00c9 N\u00c1M AKO DOTKNUT\u00c9 OSOBY POSKYTNETE.<\/div><\/div><\/div><\/div><\/div><\/div><\/div><\/div><\/div><\/div><\/div><\/div><div class=\"vce-col vce-col--md-auto vce-col--xs-1 vce-col--xs-last vce-col--xs-first vce-col--sm-last vce-col--sm-first vce-col--md-last vce-col--lg-last vce-col--xl-last\" id=\"el-9ba4b06a\"><div class=\"vce-col-inner\" data-vce-do-apply=\"border margin background  el-9ba4b06a\"><div class=\"vce-col-content\" data-vce-element-content=\"true\" data-vce-do-apply=\"padding el-9ba4b06a\"><div class=\"vce-google-fonts-heading vce-google-fonts-heading--align-left vce-google-fonts-heading--color-empty--45--5C00FF--FF7200 vce-google-fonts-heading--font-family-Lato\"><div class=\"vce-google-fonts-heading-wrapper\"><div class=\"vce-google-fonts-heading--background vce\" id=\"el-de47357b\" data-vce-do-apply=\"border background  padding margin el-de47357b\"><h4 class=\"vce-google-fonts-heading-inner\" style=\"font-weight: 400;\">DOKUMENTY<\/h4><\/div><\/div><\/div><div class=\"vce-icon-button-container vce-icon-button--align-left\" id=\"el-a0b7bca1\"><a class=\"vce vce-icon-button vce-icon-button--icon-color-b-198-198-198 vce-icon-button--icon-hover-color-b-85-85-85 vce-icon-button--title-color-b-198-198-198 vce-icon-button--title-hover-color-b-85-85-85\" href=\"http:\/\/www.flyinghusky.eu\/doc\/GDPR_Info_spracovanie_osobnych_udajov.pdf\" title=\"Inform\u00e1cie o spracov\u00e1van\u00ed osobn\u00fdch \u00fadajov pre dotknut\u00e9 osoby\" target=\"_blank\" data-vce-do-apply=\"all el-a0b7bca1\" rel=\"noopener noreferrer\"><span class=\"vce-icon-button-icon-wrapper vcv-ui-icon-lineicons vcv-ui-icon-lineicons-note\"><\/span><span class=\"vce-icon-button-title\">Inform\u00e1cie o spracov\u00e1van\u00ed osobn\u00fdch \u00fadajov pre dotknut\u00e9 ososby<\/span><\/a><\/div><div class=\"vce-icon-button-container vce-icon-button--align-left\" id=\"el-0f20db71\"><a class=\"vce vce-icon-button vce-icon-button--icon-color-b-198-198-198 vce-icon-button--icon-hover-color-b-85-85-85 vce-icon-button--title-color-b-198-198-198 vce-icon-button--title-hover-color-b-85-85-85\" href=\"http:\/\/www.flyinghusky.eu\/doc\/GDPR_Info_prava_dotknutych_osob.pdf\" title=\"Inform\u00e1cie o pr\u00e1vach dotknutej osoby\" target=\"_blank\" data-vce-do-apply=\"all el-0f20db71\" rel=\"noopener noreferrer\"><span class=\"vce-icon-button-icon-wrapper vcv-ui-icon-lineicons vcv-ui-icon-lineicons-note\"><\/span><span class=\"vce-icon-button-title\">Inform\u00e1cie o pr\u00e1vach dotknutej osoby<\/span><\/a><\/div><div class=\"vce-icon-button-container vce-icon-button--align-left\" id=\"el-9ea977d0\"><a class=\"vce vce-icon-button vce-icon-button--icon-color-b-198-198-198 vce-icon-button--icon-hover-color-b-85-85-85 vce-icon-button--title-color-b-198-198-198 vce-icon-button--title-hover-color-b-85-85-85\" href=\"http:\/\/www.flyinghusky.eu\/doc\/GDPR_tretie_strany_spracovatelia.pdf\" title=\"Tretie strany - Spracovatelia osobn\u00fdch \u00fadajov\" target=\"_blank\" data-vce-do-apply=\"all el-9ea977d0\" rel=\"noopener noreferrer\"><span class=\"vce-icon-button-icon-wrapper vcv-ui-icon-lineicons vcv-ui-icon-lineicons-note\"><\/span><span class=\"vce-icon-button-title\">Tretie strany - Spracovatelia osobn\u00fdch \u00fadajov<\/span><\/a><\/div><\/div><\/div><\/div><\/div><\/div><\/div>","protected":false},"excerpt":{"rendered":"<p>OCHRANA OSOBN\u00ddCH \u00daDAJOVV S\u00daVISLOSTI SO Z\u00c1KONOM O OCHRANE OSOBN\u00ddCH \u00daDAJOV (Z\u00c1KON \u010c. 18\/2018 Z.Z. O OCHRANE OSOBN\u00ddCH \u00daDAJOV A O ZMENE A DOPLNEN\u00cd NIEKTOR\u00ddCH Z\u00c1KONOV) A S NARIADEN\u00cdM EP A RADY EU \u010c. 2016\/679 (O OCHRANE FYZICK\u00ddCH OS\u00d4B PRI SPRAC\u00daVAN\u00cd OSOBN\u00ddCH \u00daDAJOV A O VO\u013dNOM POHYBE TAK\u00ddCHTO \u00daDAJOV), KTOR\u00c9 NADOBUDN\u00da \u00da\u010cINNOS\u0164 25.M\u00c1JA 2018, V\u00c1S CHCEME [&hellip;]<\/p>\n","protected":false},"author":2,"featured_media":0,"parent":0,"menu_order":0,"comment_status":"closed","ping_status":"closed","template":"page_fullwidth.php","meta":{"footnotes":""},"categories":[],"tags":[],"class_list":["post-6822","page","type-page","status-publish","hentry"],"aioseo_notices":[],"_links":{"self":[{"href":"https:\/\/www.riversidelappland.eu\/sk\/wp-json\/wp\/v2\/pages\/6822","targetHints":{"allow":["GET"]}}],"collection":[{"href":"https:\/\/www.riversidelappland.eu\/sk\/wp-json\/wp\/v2\/pages"}],"about":[{"href":"https:\/\/www.riversidelappland.eu\/sk\/wp-json\/wp\/v2\/types\/page"}],"author":[{"embeddable":true,"href":"https:\/\/www.riversidelappland.eu\/sk\/wp-json\/wp\/v2\/users\/2"}],"replies":[{"embeddable":true,"href":"https:\/\/www.riversidelappland.eu\/sk\/wp-json\/wp\/v2\/comments?post=6822"}],"version-history":[{"count":0,"href":"https:\/\/www.riversidelappland.eu\/sk\/wp-json\/wp\/v2\/pages\/6822\/revisions"}],"wp:attachment":[{"href":"https:\/\/www.riversidelappland.eu\/sk\/wp-json\/wp\/v2\/media?parent=6822"}],"wp:term":[{"taxonomy":"category","embeddable":true,"href":"https:\/\/www.riversidelappland.eu\/sk\/wp-json\/wp\/v2\/categories?post=6822"},{"taxonomy":"post_tag","embeddable":true,"href":"https:\/\/www.riversidelappland.eu\/sk\/wp-json\/wp\/v2\/tags?post=6822"}],"curies":[{"name":"wp","href":"https:\/\/api.w.org\/{rel}","templated":true}]}}