{"id":9207,"date":"2017-03-23T23:09:48","date_gmt":"2017-03-23T22:09:48","guid":{"rendered":"http:\/\/www.flyinghusky.eu\/?page_id=142"},"modified":"2017-03-23T23:09:48","modified_gmt":"2017-03-23T22:09:48","slug":"cookies","status":"publish","type":"page","link":"http:\/\/www.riversidelappland.eu\/sk\/cookies\/","title":{"rendered":"Cookies"},"content":{"rendered":"<div class=\"vce-row-container\"><div class=\"vce-row vce-row--col-gap-30 vce-row-columns--top vce-row-content--top\" id=\"el-760e254d\" data-vce-do-apply=\"all el-760e254d\"><div class=\"vce-content-background-container\"><\/div><div class=\"vce-row-content\" data-vce-element-content=\"true\"><div class=\"vce-col vce-col--md-auto vce-col--xs-1 vce-col--xs-last vce-col--xs-first vce-col--sm-last vce-col--sm-first vce-col--md-last vce-col--lg-last vce-col--xl-last vce-col--md-first vce-col--lg-first vce-col--xl-first\" id=\"el-46bdbf54\"><div class=\"vce-col-inner\" data-vce-do-apply=\"border margin background  el-46bdbf54\"><div class=\"vce-col-content\" data-vce-element-content=\"true\" data-vce-do-apply=\"padding el-46bdbf54\"><div class=\"vce-google-fonts-heading vce-google-fonts-heading--align-left vce-google-fonts-heading--color-empty--45--5C00FF--FF7200 vce-google-fonts-heading--font-family-Lato\"><div class=\"vce-google-fonts-heading-wrapper\"><div class=\"vce-google-fonts-heading--background vce\" id=\"el-0d764ed5\" data-vce-do-apply=\"border background  padding margin el-0d764ed5\"><h2 class=\"vce-google-fonts-heading-inner\" style=\"font-weight: 900;\">Cookies<\/h2><\/div><\/div><\/div><div class=\"vce-text-block\"><div class=\"vce-text-block-wrapper vce\" id=\"el-107c19f0\" data-vce-do-apply=\"all el-107c19f0\"><p><strong><u>Politika cookies<\/u><\/strong><\/p>\n<p>Na\u0161\u00edm cie\u013eom je zlep\u0161enie funk\u010dnosti na\u0161ich webov\u00fdch str\u00e1nok. Aby sme lep\u0161ie porozumeli na\u0161im n\u00e1v\u0161tevn\u00edkom, pou\u017e\u00edvame cookies. Cookies s\u00fa v\u0161eobecne pou\u017e\u00edvan\u00e9 mal\u00e9 s\u00fabory znakov, umiestnen\u00e9 na v\u00e1\u0161 po\u010d\u00edta\u010d webov\u00fdmi str\u00e1nkami, ktor\u00e9 nav\u0161t\u00edvite. Cookies umo\u017e\u0148uj\u00fa webstr\u00e1nke rozpozna\u0165 pou\u017e\u00edvate\u013esk\u00e9 nastavenia z predch\u00e1dzaj\u00facich n\u00e1v\u0161tev pri n\u00e1vrate na \u0148u.<\/p>\n<p>Samostatn\u00e9 cookie neobsahuje ani nezbiera \u017eiadne inform\u00e1cie. Pri spojen\u00ed internetov\u00e9ho preh\u013ead\u00e1va\u010da s nav\u0161t\u00edven\u00fdm serverom v\u0161ak m\u00f4\u017ee pom\u00f4c\u0165 nastavi\u0165 slu\u017ebu pre v\u00e4\u010d\u0161ie pohodlie pou\u017e\u00edvate\u013ea, napr. pam\u00e4tan\u00edm si predch\u00e1dzaj\u00facich n\u00e1kupov alebo nastavenia \u00fa\u010dtu.<\/p>\n<p><strong>Cookies s\u00fa ukladan\u00e9 na pevn\u00fd disk po\u010d\u00edta\u010da a obsahuj\u00fa:<\/strong><\/p>\n<p>\u2022 Meno servera, z ktor\u00e9ho boli zaslan\u00e9<\/p>\n<p>\u2022 \u017divotnos\u0165 cookie<\/p>\n<p>\u2022 Hodnotu<\/p>\n<p>Cookies nie s\u00fa v\u00edrusy, s\u00fa p\u00edsan\u00e9 oby\u010dajn\u00fdm textom. Nie s\u00fa nastaven\u00e9 tak, aby boli spustite\u013en\u00e9 ani samospustite\u013en\u00e9, nem\u00f4\u017eu vytv\u00e1ra\u0165 svoje vlastn\u00e9 k\u00f3pie a \u0161\u00edri\u0165 sa do ostatn\u00fdch siet\u00ed. Vzh\u013eadom na to, \u017ee nem\u00f4\u017eu vykon\u00e1va\u0165 tieto funkcie, spadaj\u00fa mimo \u0161tandardnej defin\u00edcie v\u00edrusov.<\/p>\n<p>Cookies, ktor\u00e9 na webov\u00fdch str\u00e1nkach pou\u017e\u00edvate, si m\u00f4\u017eete nastavi\u0165 vo svojom webovom preh\u013ead\u00e1va\u010di. Mali by ste vedie\u0165, \u017ee existuje jeden s\u00fabor cookie, v\u010faka ktor\u00e9mu si pam\u00e4t\u00e1me, ak\u00e9 predvo\u013eby ste si pri cookies nastavili. Z toho vypl\u00fdva, \u017ee:<\/p>\n<p>1. Ak si v\u0161etky cookies z po\u010d\u00edta\u010da odstr\u00e1nite, budete si musie\u0165 predvo\u013eby u n\u00e1s znovu aktualizova\u0165.<\/p>\n<p>2. V pr\u00edpade, \u017ee budete pracova\u0165 na inom po\u010d\u00edta\u010di, s in\u00fdm profilom alebo s in\u00fdm preh\u013ead\u00e1va\u010dom, budeme od v\u00e1s predvo\u013eby op\u00e4\u0165 vy\u017eadova\u0165.<\/p>\n<p><strong><u>Cookies, ktor\u00e9 pou\u017e\u00edvame, sa delia na tieto kateg\u00f3rie:<\/u><\/strong><\/p>\n<p><br><strong>Nevyhnutn\u00e9 cookies<\/strong><\/p>\n<p>Nutn\u00e9 cookies s\u00fa bezpodmiene\u010dne nutn\u00e9 pre fungovanie webov\u00fdch str\u00e1nok. Bez nich str\u00e1nky nebud\u00fa funk\u010dn\u00e9.<\/p>\n<p>Tieto cookies o v\u00e1s nezhroma\u017e\u010fuj\u00fa inform\u00e1cie, ktor\u00e9 by sa dali pou\u017ei\u0165 pri marketingu, ani si nepam\u00e4taj\u00fa, kde ste sa na internete pohybovali.<\/p>\n<p><br><strong>Prev\u00e1dzkov\u00e9 cookies<\/strong><\/p>\n<p>Prev\u00e1dzkov\u00e9 cookies sa pou\u017e\u00edvaj\u00fa na vylep\u0161enie funkcionality webov\u00fdch str\u00e1nok. Napr. cookies, ktor\u00e9 si pam\u00e4taj\u00fa obsah, ktor\u00fd ste nav\u0161t\u00edvili na str\u00e1nkach.<\/p>\n<p>Tieto cookies nezhroma\u017e\u010fuj\u00fa \u017eiadne inform\u00e1cie, pod\u013ea ktor\u00fdch by bolo mo\u017en\u00e9 zisti\u0165 va\u0161u toto\u017enos\u0165 \u2013 v\u0161etky zhroma\u017e\u010fovan\u00e9 \u00fadaje s\u00fa anonymn\u00e9 a n\u00e1m sl\u00fa\u017eia iba na optimaliz\u00e1ciu na\u0161ich webov\u00fdch str\u00e1nok. M\u00f4\u017eeme sa tie\u017e dozvedie\u0165, \u010do na\u0161ich pou\u017e\u00edvate\u013eov zauj\u00edma, a t\u00fdmto sp\u00f4sobom zaisti\u0165 efektivitu reklamy (pozor, tieto inform\u00e1cie nepou\u017e\u00edvame na to, aby sme v\u00e1m posielali reklamu v pr\u00edpade, \u017ee na\u0161e str\u00e1nky nav\u0161t\u00edvite).<br>Upozor\u0148ujeme, \u017ee pou\u017e\u00edvan\u00edm na\u0161ej webovej str\u00e1nky s\u00fahlas\u00edte s pou\u017e\u00edvan\u00edm prev\u00e1dzkov\u00fdch cookies.<\/p>\n<p><br><strong>Funk\u010dn\u00e9 cookies<\/strong><\/p>\n<p>Funk\u010dn\u00e9 cookies sl\u00fa\u017eia na poskytovanie slu\u017eieb alebo zapam\u00e4tanie nastaven\u00ed s cie\u013eom zaistenia maxim\u00e1lneho komfortu pri va\u0161ej n\u00e1v\u0161teve. Ide napr\u00edklad o va\u0161e prihl\u00e1senie, ktor\u00e9 ste uviedli pri predch\u00e1dzaj\u00facej registr\u00e1cii na str\u00e1nky. Cookies si m\u00f4\u017eu pam\u00e4ta\u0165 polo\u017eky, ktor\u00e9 ste vlo\u017eili do n\u00e1kupn\u00e9ho ko\u0161\u00edka e-shopu alebo napr\u00edklad ak ste narazili na nejak\u00e9 chyby, napr\u00edklad pri formul\u00e1roch.<\/p>\n<p>Pou\u017e\u00edvanie t\u00fdchto cookies z\u00e1le\u017e\u00ed v\u00fdlu\u010dne na va\u0161om nastaven\u00ed. Ich vypnutie m\u00f4\u017ee znamena\u0165, \u017ee pr\u00eddete o niektor\u00e9 slu\u017eby a podporu, ktor\u00e9 by sme v\u00e1m v opa\u010dnom pr\u00edpade poskytovali. Tie\u017e nie je vyl\u00fa\u010den\u00e9, \u017ee po vypnut\u00ed t\u00fdchto cookies si nebudeme pam\u00e4ta\u0165, \u017ee ste konkr\u00e9tnu slu\u017ebu u\u017e odmietli.<br>Reklamn\u00e9 cookies<\/p>\n<p>Tieto cookies s\u00fa napojen\u00e9 na slu\u017eby poskytovan\u00e9 in\u00fdmi firmami. Ide napr\u00edklad o tla\u010didl\u00e1 \u201eP\u00e1\u010di sa mi to\u201c a \u201eZdie\u013ea\u0165\u201c. Tieto slu\u017eby poskytuje in\u00e1 firma v nadv\u00e4znosti na to, \u017ee ste nav\u0161t\u00edvili na\u0161e webov\u00e9 str\u00e1nky. S ich pomocou v\u00e1s m\u00f4\u017eeme prepoji\u0165 na soci\u00e1lne siete, a na z\u00e1klade \u00fadajov o va\u0161ej n\u00e1v\u0161teve potom budete dost\u00e1va\u0165 reklamu z in\u00fdch webov\u00fdch str\u00e1nok.<br>Pou\u017e\u00edvanie t\u00fdchto cookies z\u00e1le\u017e\u00ed iba na v\u00e1s. Ich vypnutie bude sign\u00e1lom, aby sme v\u00e1m prestali pon\u00faka\u0165 niektor\u00e9 na\u0161e slu\u017eby. Spr\u00e1vu t\u00fdchto cookies zais\u0165uj\u00fa in\u00e9 firmy, preto m\u00e1te mo\u017enos\u0165 \u2013 ak ich budete chcie\u0165 zak\u00e1za\u0165 \u2013 pou\u017ei\u0165 n\u00e1stroje, ktor\u00e9 s\u00fa na tento \u00fa\u010del k dispoz\u00edcii na webov\u00fdch str\u00e1nkach t\u00fdchto firiem.<\/p>\n<p><br><strong>Cookies tret\u00edch str\u00e1n<\/strong><\/p>\n<p>Cookies nastaven\u00e9 tret\u00edmi stranami pou\u017e\u00edvame na r\u00f4zne slu\u017eby (napr. anal\u00fdzu str\u00e1nok, reklamn\u00e9 \u00fa\u010dely).<br>Pr\u00e1vne predpisy Eur\u00f3pskej \u00fanie vy\u017eaduj\u00fa, aby organiz\u00e1cie zasielaj\u00face s\u00fabory cookies zo svojich webov\u00fdch str\u00e1nok do po\u010d\u00edta\u010dov n\u00e1v\u0161tevn\u00edkov z\u00edskali ich s\u00fahlas po poskytnut\u00ed jasnej a zrozumite\u013enej inform\u00e1cie o tom, ako sa s\u00fabory cookies na webov\u00fdch str\u00e1nkach pou\u017e\u00edvaj\u00fa.<\/p>\n<p><strong><u>\u010co ak cookies nechcem?<\/u><\/strong><br>V\u00e4\u010d\u0161ina internetov\u00fdch prehliada\u010dov je po in\u0161tal\u00e1cii nastaven\u00e1 na automatick\u00e9 prij\u00edmanie s\u00faborov cookies. In\u0161trukcie na zmenu tohto nastavenia n\u00e1jdete v N\u00e1povede alebo Pomoci v\u00e1\u0161ho prehliada\u010da. Pr\u00edpadn\u00e9 zmeny nastavenia prehliada\u010da s\u00fa platn\u00e9 iba pre konkr\u00e9tny prehliada\u010d na danom zariaden\u00ed. Pam\u00e4tajte na to, \u017ee zak\u00e1zanie cookies s ve\u013ekou pravdepodobnos\u0165ou negat\u00edvne ovplyvn\u00ed funk\u010dnos\u0165 nav\u0161tevovan\u00fdch webov\u00fdch str\u00e1nok.<\/p><\/div><\/div><\/div><\/div><\/div><\/div><\/div><\/div>","protected":false},"excerpt":{"rendered":"<p>CookiesPolitika cookies Na\u0161\u00edm cie\u013eom je zlep\u0161enie funk\u010dnosti na\u0161ich webov\u00fdch str\u00e1nok. Aby sme lep\u0161ie porozumeli na\u0161im n\u00e1v\u0161tevn\u00edkom, pou\u017e\u00edvame cookies. Cookies s\u00fa v\u0161eobecne pou\u017e\u00edvan\u00e9 mal\u00e9 s\u00fabory znakov, umiestnen\u00e9 na v\u00e1\u0161 po\u010d\u00edta\u010d webov\u00fdmi str\u00e1nkami, ktor\u00e9 nav\u0161t\u00edvite. Cookies umo\u017e\u0148uj\u00fa webstr\u00e1nke rozpozna\u0165 pou\u017e\u00edvate\u013esk\u00e9 nastavenia z predch\u00e1dzaj\u00facich n\u00e1v\u0161tev pri n\u00e1vrate na \u0148u. Samostatn\u00e9 cookie neobsahuje ani nezbiera \u017eiadne inform\u00e1cie. Pri spojen\u00ed [&hellip;]<\/p>\n","protected":false},"author":2,"featured_media":0,"parent":0,"menu_order":0,"comment_status":"closed","ping_status":"closed","template":"page_fullwidth.php","meta":{"footnotes":""},"categories":[],"tags":[],"class_list":["post-9207","page","type-page","status-publish","hentry"],"aioseo_notices":[],"_links":{"self":[{"href":"https:\/\/www.riversidelappland.eu\/sk\/wp-json\/wp\/v2\/pages\/9207","targetHints":{"allow":["GET"]}}],"collection":[{"href":"https:\/\/www.riversidelappland.eu\/sk\/wp-json\/wp\/v2\/pages"}],"about":[{"href":"https:\/\/www.riversidelappland.eu\/sk\/wp-json\/wp\/v2\/types\/page"}],"author":[{"embeddable":true,"href":"https:\/\/www.riversidelappland.eu\/sk\/wp-json\/wp\/v2\/users\/2"}],"replies":[{"embeddable":true,"href":"https:\/\/www.riversidelappland.eu\/sk\/wp-json\/wp\/v2\/comments?post=9207"}],"version-history":[{"count":0,"href":"https:\/\/www.riversidelappland.eu\/sk\/wp-json\/wp\/v2\/pages\/9207\/revisions"}],"wp:attachment":[{"href":"https:\/\/www.riversidelappland.eu\/sk\/wp-json\/wp\/v2\/media?parent=9207"}],"wp:term":[{"taxonomy":"category","embeddable":true,"href":"https:\/\/www.riversidelappland.eu\/sk\/wp-json\/wp\/v2\/categories?post=9207"},{"taxonomy":"post_tag","embeddable":true,"href":"https:\/\/www.riversidelappland.eu\/sk\/wp-json\/wp\/v2\/tags?post=9207"}],"curies":[{"name":"wp","href":"https:\/\/api.w.org\/{rel}","templated":true}]}}